{"id":150,"date":"2018-08-22T19:38:20","date_gmt":"2018-08-22T19:38:20","guid":{"rendered":"http:\/\/engstromer.com\/?page_id=150"},"modified":"2023-09-07T15:10:48","modified_gmt":"2023-09-07T13:10:48","slug":"governance","status":"publish","type":"page","link":"https:\/\/engstromer.com\/de\/consulting\/governance\/","title":{"rendered":"Governance"},"content":{"rendered":"<div data-elementor-type=\"wp-post\" data-elementor-id=\"150\" class=\"elementor elementor-150\">\n\t\t\t\t\t\t<section class=\"elementor-section elementor-top-section elementor-element elementor-element-5218329 elementor-section-boxed elementor-section-height-default elementor-section-height-default\" data-id=\"5218329\" data-element_type=\"section\" data-e-type=\"section\">\n\t\t\t\t\t\t<div class=\"elementor-container elementor-column-gap-default\">\n\t\t\t\t\t<div class=\"elementor-column elementor-col-100 elementor-top-column elementor-element elementor-element-4302cfe\" data-id=\"4302cfe\" data-element_type=\"column\" data-e-type=\"column\">\n\t\t\t<div class=\"elementor-widget-wrap elementor-element-populated\">\n\t\t\t\t\t\t<div class=\"elementor-element elementor-element-d6d7658 elementor-widget elementor-widget-spacer\" data-id=\"d6d7658\" data-element_type=\"widget\" data-e-type=\"widget\" data-widget_type=\"spacer.default\">\n\t\t\t\t<div class=\"elementor-widget-container\">\n\t\t\t\t\t\t\t<div class=\"elementor-spacer\">\n\t\t\t<div class=\"elementor-spacer-inner\"><\/div>\n\t\t<\/div>\n\t\t\t\t\t\t<\/div>\n\t\t\t\t<\/div>\n\t\t\t\t\t<\/div>\n\t\t<\/div>\n\t\t\t\t\t<\/div>\n\t\t<\/section>\n\t\t\t\t<section class=\"elementor-section elementor-top-section elementor-element elementor-element-bf2c0e5 elementor-section-boxed elementor-section-height-default elementor-section-height-default\" data-id=\"bf2c0e5\" data-element_type=\"section\" data-e-type=\"section\">\n\t\t\t\t\t\t<div class=\"elementor-container elementor-column-gap-default\">\n\t\t\t\t\t<div class=\"elementor-column elementor-col-100 elementor-top-column elementor-element elementor-element-c35dc0d\" data-id=\"c35dc0d\" data-element_type=\"column\" data-e-type=\"column\">\n\t\t\t<div class=\"elementor-widget-wrap elementor-element-populated\">\n\t\t\t\t\t\t<div class=\"elementor-element elementor-element-0129cbf elementor-widget elementor-widget-heading\" data-id=\"0129cbf\" data-element_type=\"widget\" data-e-type=\"widget\" data-widget_type=\"heading.default\">\n\t\t\t\t<div class=\"elementor-widget-container\">\n\t\t\t\t\t<h2 class=\"elementor-heading-title elementor-size-default\">Governance von Lieferanten, mit Erfolg<\/h2>\t\t\t\t<\/div>\n\t\t\t\t<\/div>\n\t\t\t\t\t<\/div>\n\t\t<\/div>\n\t\t\t\t\t<\/div>\n\t\t<\/section>\n\t\t\t\t<section class=\"elementor-section elementor-top-section elementor-element elementor-element-9b66f71 elementor-section-boxed elementor-section-height-default elementor-section-height-default\" data-id=\"9b66f71\" data-element_type=\"section\" data-e-type=\"section\">\n\t\t\t\t\t\t<div class=\"elementor-container elementor-column-gap-default\">\n\t\t\t\t\t<div class=\"elementor-column elementor-col-100 elementor-top-column elementor-element elementor-element-24c8f08\" data-id=\"24c8f08\" data-element_type=\"column\" data-e-type=\"column\">\n\t\t\t<div class=\"elementor-widget-wrap elementor-element-populated\">\n\t\t\t\t\t\t<div class=\"elementor-element elementor-element-cd4b9f7 elementor-widget elementor-widget-text-editor\" data-id=\"cd4b9f7\" data-element_type=\"widget\" data-e-type=\"widget\" data-widget_type=\"text-editor.default\">\n\t\t\t\t<div class=\"elementor-widget-container\">\n\t\t\t\t\t\t\t\t\t<h4>Ich habe einzelne Lieferantenbeziehungen verwaltet, das Gesamtrisiko und die Gesamtrisiken analysiert, Strategien f\u00fcr Lieferantenausgaben sehr grosser Organisationen festgelegt und eine Governance implementiert. Ich habe eine globale und standardisierte Lieferanten- und Vertrags-Governance erstellt, eingerichtet und eingef\u00fchrt, Hunderte von Managern mit einbezogen und beeinflusst, damit sie neue Aufgaben \u00fcbernehmen. Zu den abgedeckten Funktionen geh\u00f6rten IT, Betrieb, Finanzen, Immobilien, Risiko, Rechtsleistungen und Kundengesch\u00e4ftsbereiche.<\/h4>\n<h5><span style=\"font-size: 16px;\">Der Wert klarer und aussagekr\u00e4ftiger Lieferanten- und Vertragsaktivit\u00e4ten, die in einen Kontext gestellt und verkn\u00fcpft werden (um Nacharbeiten und Koordinationsaufwand zu minimieren), wird von allen gesch\u00e4tzt, wenn sie richtig durchgef\u00fchrt werden. Es gibt Einblicke und erm\u00f6glicht es einem Unternehmen, seine Anstrengungen dort einzusetzen, wo sie sich auszahlen. Es ist auch f\u00fcr Regulierungs- und Kontrollzwecke notwendig und sehr n\u00fctzlich, um Kategorienstrategien zu informieren.<\/span><\/h5>\n<h5><span style=\"font-size: 16px;\">Da alle Organisationen, Funktionen und Personen unterschiedlich sind, erfordert der Aufbau einer effektiven Governance grosses Zuh\u00f6ren und Engagement und Interesse anderer; es erfordert Geschick in (internen) Verhandlungen und eine Begabung f\u00fcr Design Thinking. Ein Tool, das ich verwende, um mehr \u00fcber Anbieter, Vertr\u00e4ge, Praktiken und Werte in einer Organisation zu erfahren, ist die einfache Bewertung mithilfe von Excel. Ich finde, dass es hilft, Aussagen und Meinungen in Fakten umzuwandeln, \u00fcber die wir Entscheidungen treffen k\u00f6nnen.&nbsp;<\/span><\/h5>\n<h5><span style=\"font-size: 16px;\">Ich habe Erfahrung davon, und <\/span><strong style=\"font-size: 16px;\"><a href=\"mailto:anna@engstromer.com\">kann Ihre Organisation helfen<\/a> <\/strong><span style=\"font-size: 16px;\">.<\/span><\/h5>\t\t\t\t\t\t\t\t<\/div>\n\t\t\t\t<\/div>\n\t\t\t\t\t<\/div>\n\t\t<\/div>\n\t\t\t\t\t<\/div>\n\t\t<\/section>\n\t\t\t\t<section class=\"elementor-section elementor-top-section elementor-element elementor-element-ee9e263 elementor-section-boxed elementor-section-height-default elementor-section-height-default\" data-id=\"ee9e263\" data-element_type=\"section\" data-e-type=\"section\">\n\t\t\t\t\t\t<div class=\"elementor-container elementor-column-gap-default\">\n\t\t\t\t\t<div class=\"elementor-column elementor-col-100 elementor-top-column elementor-element elementor-element-8de6429\" data-id=\"8de6429\" data-element_type=\"column\" data-e-type=\"column\">\n\t\t\t<div class=\"elementor-widget-wrap elementor-element-populated\">\n\t\t\t\t\t\t<div class=\"elementor-element elementor-element-c3dc914 elementor-widget elementor-widget-text-editor\" data-id=\"c3dc914\" data-element_type=\"widget\" data-e-type=\"widget\" data-widget_type=\"text-editor.default\">\n\t\t\t\t<div class=\"elementor-widget-container\">\n\t\t\t\t\t\t\t\t\t<h6>Blog Post (auf Englisch) <strong><a href=\"https:\/\/engstromer.com\/de\/a-team-doing-bpo-vendor-management\/\" target=\"_blank\" rel=\"noopener\">Why It Makes Sense to Have an A-Team Doing Vendor Management for BPO<\/a><\/strong><\/h6>\t\t\t\t\t\t\t\t<\/div>\n\t\t\t\t<\/div>\n\t\t\t\t\t<\/div>\n\t\t<\/div>\n\t\t\t\t\t<\/div>\n\t\t<\/section>\n\t\t\t\t<section class=\"elementor-section elementor-top-section elementor-element elementor-element-d48b8d2 elementor-section-boxed elementor-section-height-default elementor-section-height-default\" data-id=\"d48b8d2\" data-element_type=\"section\" data-e-type=\"section\">\n\t\t\t\t\t\t<div class=\"elementor-container elementor-column-gap-default\">\n\t\t\t\t\t<div class=\"elementor-column elementor-col-100 elementor-top-column elementor-element elementor-element-54bdeb2\" data-id=\"54bdeb2\" data-element_type=\"column\" data-e-type=\"column\">\n\t\t\t<div class=\"elementor-widget-wrap elementor-element-populated\">\n\t\t\t\t\t\t<div class=\"elementor-element elementor-element-adfe4a5 elementor-widget elementor-widget-image\" data-id=\"adfe4a5\" data-element_type=\"widget\" data-e-type=\"widget\" data-widget_type=\"image.default\">\n\t\t\t\t<div class=\"elementor-widget-container\">\n\t\t\t\t\t\t\t\t\t\t\t\t\t\t\t<img fetchpriority=\"high\" decoding=\"async\" width=\"1024\" height=\"579\" src=\"https:\/\/engstromer.com\/wp-content\/uploads\/2023\/06\/matrix-1-1024x579.png\" class=\"attachment-large size-large wp-image-2569\" alt=\"\" srcset=\"https:\/\/engstromer.com\/wp-content\/uploads\/2023\/06\/matrix-1-1024x579.png 1024w, https:\/\/engstromer.com\/wp-content\/uploads\/2023\/06\/matrix-1-600x339.png 600w, https:\/\/engstromer.com\/wp-content\/uploads\/2023\/06\/matrix-1-300x170.png 300w, https:\/\/engstromer.com\/wp-content\/uploads\/2023\/06\/matrix-1-768x434.png 768w, https:\/\/engstromer.com\/wp-content\/uploads\/2023\/06\/matrix-1-16x9.png 16w, https:\/\/engstromer.com\/wp-content\/uploads\/2023\/06\/matrix-1.png 1331w\" sizes=\"(max-width: 1024px) 100vw, 1024px\" \/>\t\t\t\t\t\t\t\t\t\t\t\t\t\t\t<\/div>\n\t\t\t\t<\/div>\n\t\t\t\t\t<\/div>\n\t\t<\/div>\n\t\t\t\t\t<\/div>\n\t\t<\/section>\n\t\t\t\t<\/div>","protected":false},"excerpt":{"rendered":"<p>Effective Vendor Governance I have managed individual vendor relationships, analyzed aggregate risk and exposure, set strategies for and implemented governance for supplier spend of very large organizations. I have created and set up and rolled out global and standardized vendor and contract governance, onboarded and influenced hundreds of managers to take on new tasks. Functions [&hellip;]<\/p>\n","protected":false},"author":1,"featured_media":0,"parent":147,"menu_order":0,"comment_status":"closed","ping_status":"closed","template":"","meta":{"_monsterinsights_skip_tracking":false,"_monsterinsights_sitenote_active":false,"_monsterinsights_sitenote_note":"","_monsterinsights_sitenote_category":0,"ocean_post_layout":"full-width","ocean_both_sidebars_style":"","ocean_both_sidebars_content_width":0,"ocean_both_sidebars_sidebars_width":0,"ocean_sidebar":"0","ocean_second_sidebar":"0","ocean_disable_margins":"enable","ocean_add_body_class":"","ocean_shortcode_before_top_bar":"","ocean_shortcode_after_top_bar":"","ocean_shortcode_before_header":"","ocean_shortcode_after_header":"","ocean_has_shortcode":"","ocean_shortcode_after_title":"","ocean_shortcode_before_footer_widgets":"","ocean_shortcode_after_footer_widgets":"","ocean_shortcode_before_footer_bottom":"","ocean_shortcode_after_footer_bottom":"","ocean_display_top_bar":"on","ocean_display_header":"on","ocean_header_style":"minimal","ocean_center_header_left_menu":"0","ocean_custom_header_template":"0","ocean_custom_logo":0,"ocean_custom_retina_logo":0,"ocean_custom_logo_max_width":0,"ocean_custom_logo_tablet_max_width":0,"ocean_custom_logo_mobile_max_width":0,"ocean_custom_logo_max_height":0,"ocean_custom_logo_tablet_max_height":0,"ocean_custom_logo_mobile_max_height":0,"ocean_header_custom_menu":"2","ocean_menu_typo_font_family":"0","ocean_menu_typo_font_subset":"","ocean_menu_typo_font_size":0,"ocean_menu_typo_font_size_tablet":0,"ocean_menu_typo_font_size_mobile":0,"ocean_menu_typo_font_size_unit":"px","ocean_menu_typo_font_weight":"","ocean_menu_typo_font_weight_tablet":"","ocean_menu_typo_font_weight_mobile":"","ocean_menu_typo_transform":"","ocean_menu_typo_transform_tablet":"","ocean_menu_typo_transform_mobile":"","ocean_menu_typo_line_height":0,"ocean_menu_typo_line_height_tablet":0,"ocean_menu_typo_line_height_mobile":0,"ocean_menu_typo_line_height_unit":"","ocean_menu_typo_spacing":0,"ocean_menu_typo_spacing_tablet":0,"ocean_menu_typo_spacing_mobile":0,"ocean_menu_typo_spacing_unit":"","ocean_menu_link_color":"","ocean_menu_link_color_hover":"","ocean_menu_link_color_active":"","ocean_menu_link_background":"","ocean_menu_link_hover_background":"","ocean_menu_link_active_background":"","ocean_menu_social_links_bg":"","ocean_menu_social_hover_links_bg":"","ocean_menu_social_links_color":"","ocean_menu_social_hover_links_color":"","ocean_disable_title":"on","ocean_disable_heading":"on","ocean_post_title":"","ocean_post_subheading":"","ocean_post_title_style":"","ocean_post_title_background_color":"","ocean_post_title_background":0,"ocean_post_title_bg_image_position":"","ocean_post_title_bg_image_attachment":"","ocean_post_title_bg_image_repeat":"","ocean_post_title_bg_image_size":"","ocean_post_title_height":0,"ocean_post_title_bg_overlay":0.5,"ocean_post_title_bg_overlay_color":"","ocean_disable_breadcrumbs":"default","ocean_breadcrumbs_color":"","ocean_breadcrumbs_separator_color":"","ocean_breadcrumbs_links_color":"","ocean_breadcrumbs_links_hover_color":"","ocean_display_footer_widgets":"off","ocean_display_footer_bottom":"default","ocean_custom_footer_template":"512","footnotes":""},"class_list":["post-150","page","type-page","status-publish","hentry","entry"],"aioseo_notices":[],"_links":{"self":[{"href":"https:\/\/engstromer.com\/de\/wp-json\/wp\/v2\/pages\/150","targetHints":{"allow":["GET"]}}],"collection":[{"href":"https:\/\/engstromer.com\/de\/wp-json\/wp\/v2\/pages"}],"about":[{"href":"https:\/\/engstromer.com\/de\/wp-json\/wp\/v2\/types\/page"}],"author":[{"embeddable":true,"href":"https:\/\/engstromer.com\/de\/wp-json\/wp\/v2\/users\/1"}],"replies":[{"embeddable":true,"href":"https:\/\/engstromer.com\/de\/wp-json\/wp\/v2\/comments?post=150"}],"version-history":[{"count":42,"href":"https:\/\/engstromer.com\/de\/wp-json\/wp\/v2\/pages\/150\/revisions"}],"predecessor-version":[{"id":3096,"href":"https:\/\/engstromer.com\/de\/wp-json\/wp\/v2\/pages\/150\/revisions\/3096"}],"up":[{"embeddable":true,"href":"https:\/\/engstromer.com\/de\/wp-json\/wp\/v2\/pages\/147"}],"wp:attachment":[{"href":"https:\/\/engstromer.com\/de\/wp-json\/wp\/v2\/media?parent=150"}],"curies":[{"name":"wp","href":"https:\/\/api.w.org\/{rel}","templated":true}]}}