{"id":158,"date":"2018-08-22T19:41:19","date_gmt":"2018-08-22T19:41:19","guid":{"rendered":"http:\/\/engstromer.com\/?page_id=158"},"modified":"2023-09-07T15:37:39","modified_gmt":"2023-09-07T13:37:39","slug":"finance","status":"publish","type":"page","link":"https:\/\/engstromer.com\/de\/consulting\/finance\/","title":{"rendered":"Finance"},"content":{"rendered":"<div data-elementor-type=\"wp-post\" data-elementor-id=\"158\" class=\"elementor elementor-158\">\n\t\t\t\t\t\t<section class=\"elementor-section elementor-top-section elementor-element elementor-element-55175ef elementor-section-boxed elementor-section-height-default elementor-section-height-default\" data-id=\"55175ef\" data-element_type=\"section\" data-e-type=\"section\">\n\t\t\t\t\t\t<div class=\"elementor-container elementor-column-gap-default\">\n\t\t\t\t\t<div class=\"elementor-column elementor-col-100 elementor-top-column elementor-element elementor-element-2e7931e\" data-id=\"2e7931e\" data-element_type=\"column\" data-e-type=\"column\">\n\t\t\t<div class=\"elementor-widget-wrap elementor-element-populated\">\n\t\t\t\t\t\t<div class=\"elementor-element elementor-element-98ab45c elementor-widget elementor-widget-spacer\" data-id=\"98ab45c\" data-element_type=\"widget\" data-e-type=\"widget\" data-widget_type=\"spacer.default\">\n\t\t\t\t<div class=\"elementor-widget-container\">\n\t\t\t\t\t\t\t<div class=\"elementor-spacer\">\n\t\t\t<div class=\"elementor-spacer-inner\"><\/div>\n\t\t<\/div>\n\t\t\t\t\t\t<\/div>\n\t\t\t\t<\/div>\n\t\t\t\t\t<\/div>\n\t\t<\/div>\n\t\t\t\t\t<\/div>\n\t\t<\/section>\n\t\t\t\t<section class=\"elementor-section elementor-top-section elementor-element elementor-element-6809c61 elementor-section-boxed elementor-section-height-default elementor-section-height-default\" data-id=\"6809c61\" data-element_type=\"section\" data-e-type=\"section\">\n\t\t\t\t\t\t<div class=\"elementor-container elementor-column-gap-default\">\n\t\t\t\t\t<div class=\"elementor-column elementor-col-100 elementor-top-column elementor-element elementor-element-2a1232b\" data-id=\"2a1232b\" data-element_type=\"column\" data-e-type=\"column\">\n\t\t\t<div class=\"elementor-widget-wrap elementor-element-populated\">\n\t\t\t\t\t\t<div class=\"elementor-element elementor-element-4d7434d elementor-widget elementor-widget-heading\" data-id=\"4d7434d\" data-element_type=\"widget\" data-e-type=\"widget\" data-widget_type=\"heading.default\">\n\t\t\t\t<div class=\"elementor-widget-container\">\n\t\t\t\t\t<h2 class=\"elementor-heading-title elementor-size-default\">Finanzielle Performance<\/h2>\t\t\t\t<\/div>\n\t\t\t\t<\/div>\n\t\t\t\t\t<\/div>\n\t\t<\/div>\n\t\t\t\t\t<\/div>\n\t\t<\/section>\n\t\t\t\t<section class=\"elementor-section elementor-top-section elementor-element elementor-element-e80288d elementor-section-boxed elementor-section-height-default elementor-section-height-default\" data-id=\"e80288d\" data-element_type=\"section\" data-e-type=\"section\">\n\t\t\t\t\t\t<div class=\"elementor-container elementor-column-gap-default\">\n\t\t\t\t\t<div class=\"elementor-column elementor-col-100 elementor-top-column elementor-element elementor-element-2e1217b\" data-id=\"2e1217b\" data-element_type=\"column\" data-e-type=\"column\">\n\t\t\t<div class=\"elementor-widget-wrap elementor-element-populated\">\n\t\t\t\t\t\t<div class=\"elementor-element elementor-element-1ce1434 elementor-widget elementor-widget-text-editor\" data-id=\"1ce1434\" data-element_type=\"widget\" data-e-type=\"widget\" data-widget_type=\"text-editor.default\">\n\t\t\t\t<div class=\"elementor-widget-container\">\n\t\t\t\t\t\t\t\t\t<h4>Ich habe Betriebswirtschaftslehre studiert und hatte zwei Positionen im Finanzwesen inne. Ich habe auch eine Diagnose der Finanzfunktion eines Biotech-Forschungs- und Entwicklungsunternehmens vor der Kommerzialisierung erstellt und einen Implementierungsplan erstellt. Schliesslich habe ich Leistungsmanagementkennzahlen f\u00fcr eine schnell wachsende, erfolgreiche Hersteller von Generika definiert. Meine Managererfahrung in den Bereichen Finance Business Partnering, finanzielle Leistungsausrichtung, Analyse und Entscheidungsfindung (von Volvo, McKinsey, Accenture und Zurich Versicherungen) tr\u00e4gt dazu bei, diese F\u00e4higkeiten in Ihrem Unternehmen zu st\u00e4rken und die Finanzorientierung Ihrer Mitarbeiter zu verbessern.<\/h4><h5>Ich bin sehr strategisch, faktensuchend und neugierig, kann Komplexit\u00e4t schnell aufschl\u00fcsseln, ein Unternehmen verstehen und eine Strategie\u00fcbersetzung \u00fcber alle Gesch\u00e4ftsfunktionen hinweg bewirken. Besonders gefallen mir funktions\u00fcbergreifende Themen. Ich kann Menschen auch dazu bringen, ihre Aktivit\u00e4ten an Zahlen und Servicekennzahlen auszurichten und dann Finanzpl\u00e4ne, Qualit\u00e4tsstandards und Berichte so einrichten und umsetzen, dass sie gelebt werden. Ich unterscheide mich von anderen Finanzexperten dadurch, dass ich die Elemente wirklich einfach mache und sienicht kompliziere. Auf Basis der Situation und Bed\u00fcrfnisse entscheiden wir gemeinsam, was zu tun ist.\u00a0<a style=\"font-weight: bold;\" href=\"mailto:anna@engstromer.com\">Lassen Sie mich dies<\/a> mit Ihnen tun.<\/h5>\t\t\t\t\t\t\t\t<\/div>\n\t\t\t\t<\/div>\n\t\t\t\t\t<\/div>\n\t\t<\/div>\n\t\t\t\t\t<\/div>\n\t\t<\/section>\n\t\t\t\t<section class=\"elementor-section elementor-top-section elementor-element elementor-element-1f11873 elementor-section-boxed elementor-section-height-default elementor-section-height-default\" data-id=\"1f11873\" data-element_type=\"section\" data-e-type=\"section\">\n\t\t\t\t\t\t<div class=\"elementor-container elementor-column-gap-default\">\n\t\t\t\t\t<div class=\"elementor-column elementor-col-100 elementor-top-column elementor-element elementor-element-63e809d\" data-id=\"63e809d\" data-element_type=\"column\" data-e-type=\"column\">\n\t\t\t<div class=\"elementor-widget-wrap elementor-element-populated\">\n\t\t\t\t\t\t<div class=\"elementor-element elementor-element-03a12ef elementor-widget elementor-widget-image\" data-id=\"03a12ef\" data-element_type=\"widget\" data-e-type=\"widget\" data-widget_type=\"image.default\">\n\t\t\t\t<div class=\"elementor-widget-container\">\n\t\t\t\t\t\t\t\t\t\t\t\t\t\t\t<img fetchpriority=\"high\" decoding=\"async\" width=\"1024\" height=\"578\" src=\"https:\/\/engstromer.com\/wp-content\/uploads\/2023\/06\/Finance-1024x578.png\" class=\"attachment-large size-large wp-image-2576\" alt=\"\" srcset=\"https:\/\/engstromer.com\/wp-content\/uploads\/2023\/06\/Finance-1024x578.png 1024w, https:\/\/engstromer.com\/wp-content\/uploads\/2023\/06\/Finance-600x338.png 600w, https:\/\/engstromer.com\/wp-content\/uploads\/2023\/06\/Finance-300x169.png 300w, https:\/\/engstromer.com\/wp-content\/uploads\/2023\/06\/Finance-768x433.png 768w, https:\/\/engstromer.com\/wp-content\/uploads\/2023\/06\/Finance-16x9.png 16w, https:\/\/engstromer.com\/wp-content\/uploads\/2023\/06\/Finance.png 1333w\" sizes=\"(max-width: 1024px) 100vw, 1024px\" \/>\t\t\t\t\t\t\t\t\t\t\t\t\t\t\t<\/div>\n\t\t\t\t<\/div>\n\t\t\t\t\t<\/div>\n\t\t<\/div>\n\t\t\t\t\t<\/div>\n\t\t<\/section>\n\t\t\t\t<\/div>","protected":false},"excerpt":{"rendered":"<p>Financial Performance I studied Business Administration and have held two finance roles. I have also done a diagnosis of the finance function of a biotech R&amp;D company, pre-commercialization, together with an implementation roadmap. Finally, I have defined performance management metrics for a fast-growing successful commercial organization. My manager experience in finance business partnering, financial performance [&hellip;]<\/p>\n","protected":false},"author":1,"featured_media":0,"parent":147,"menu_order":0,"comment_status":"closed","ping_status":"closed","template":"","meta":{"_monsterinsights_skip_tracking":false,"_monsterinsights_sitenote_active":false,"_monsterinsights_sitenote_note":"","_monsterinsights_sitenote_category":0,"ocean_post_layout":"full-width","ocean_both_sidebars_style":"","ocean_both_sidebars_content_width":0,"ocean_both_sidebars_sidebars_width":0,"ocean_sidebar":"0","ocean_second_sidebar":"0","ocean_disable_margins":"enable","ocean_add_body_class":"","ocean_shortcode_before_top_bar":"","ocean_shortcode_after_top_bar":"","ocean_shortcode_before_header":"","ocean_shortcode_after_header":"","ocean_has_shortcode":"","ocean_shortcode_after_title":"","ocean_shortcode_before_footer_widgets":"","ocean_shortcode_after_footer_widgets":"","ocean_shortcode_before_footer_bottom":"","ocean_shortcode_after_footer_bottom":"","ocean_display_top_bar":"on","ocean_display_header":"on","ocean_header_style":"minimal","ocean_center_header_left_menu":"0","ocean_custom_header_template":"0","ocean_custom_logo":0,"ocean_custom_retina_logo":0,"ocean_custom_logo_max_width":0,"ocean_custom_logo_tablet_max_width":0,"ocean_custom_logo_mobile_max_width":0,"ocean_custom_logo_max_height":0,"ocean_custom_logo_tablet_max_height":0,"ocean_custom_logo_mobile_max_height":0,"ocean_header_custom_menu":"2","ocean_menu_typo_font_family":"0","ocean_menu_typo_font_subset":"","ocean_menu_typo_font_size":0,"ocean_menu_typo_font_size_tablet":0,"ocean_menu_typo_font_size_mobile":0,"ocean_menu_typo_font_size_unit":"px","ocean_menu_typo_font_weight":"","ocean_menu_typo_font_weight_tablet":"","ocean_menu_typo_font_weight_mobile":"","ocean_menu_typo_transform":"","ocean_menu_typo_transform_tablet":"","ocean_menu_typo_transform_mobile":"","ocean_menu_typo_line_height":0,"ocean_menu_typo_line_height_tablet":0,"ocean_menu_typo_line_height_mobile":0,"ocean_menu_typo_line_height_unit":"","ocean_menu_typo_spacing":0,"ocean_menu_typo_spacing_tablet":0,"ocean_menu_typo_spacing_mobile":0,"ocean_menu_typo_spacing_unit":"","ocean_menu_link_color":"","ocean_menu_link_color_hover":"","ocean_menu_link_color_active":"","ocean_menu_link_background":"","ocean_menu_link_hover_background":"","ocean_menu_link_active_background":"","ocean_menu_social_links_bg":"","ocean_menu_social_hover_links_bg":"","ocean_menu_social_links_color":"","ocean_menu_social_hover_links_color":"","ocean_disable_title":"on","ocean_disable_heading":"default","ocean_post_title":"","ocean_post_subheading":"","ocean_post_title_style":"","ocean_post_title_background_color":"","ocean_post_title_background":0,"ocean_post_title_bg_image_position":"","ocean_post_title_bg_image_attachment":"","ocean_post_title_bg_image_repeat":"","ocean_post_title_bg_image_size":"","ocean_post_title_height":0,"ocean_post_title_bg_overlay":0.5,"ocean_post_title_bg_overlay_color":"","ocean_disable_breadcrumbs":"default","ocean_breadcrumbs_color":"","ocean_breadcrumbs_separator_color":"","ocean_breadcrumbs_links_color":"","ocean_breadcrumbs_links_hover_color":"","ocean_display_footer_widgets":"off","ocean_display_footer_bottom":"default","ocean_custom_footer_template":"512","footnotes":""},"class_list":["post-158","page","type-page","status-publish","hentry","entry"],"aioseo_notices":[],"_links":{"self":[{"href":"https:\/\/engstromer.com\/de\/wp-json\/wp\/v2\/pages\/158","targetHints":{"allow":["GET"]}}],"collection":[{"href":"https:\/\/engstromer.com\/de\/wp-json\/wp\/v2\/pages"}],"about":[{"href":"https:\/\/engstromer.com\/de\/wp-json\/wp\/v2\/types\/page"}],"author":[{"embeddable":true,"href":"https:\/\/engstromer.com\/de\/wp-json\/wp\/v2\/users\/1"}],"replies":[{"embeddable":true,"href":"https:\/\/engstromer.com\/de\/wp-json\/wp\/v2\/comments?post=158"}],"version-history":[{"count":41,"href":"https:\/\/engstromer.com\/de\/wp-json\/wp\/v2\/pages\/158\/revisions"}],"predecessor-version":[{"id":3108,"href":"https:\/\/engstromer.com\/de\/wp-json\/wp\/v2\/pages\/158\/revisions\/3108"}],"up":[{"embeddable":true,"href":"https:\/\/engstromer.com\/de\/wp-json\/wp\/v2\/pages\/147"}],"wp:attachment":[{"href":"https:\/\/engstromer.com\/de\/wp-json\/wp\/v2\/media?parent=158"}],"curies":[{"name":"wp","href":"https:\/\/api.w.org\/{rel}","templated":true}]}}